{"id":483,"date":"2019-09-05T11:14:18","date_gmt":"2019-09-05T09:14:18","guid":{"rendered":"https:\/\/touringbymeikel.de\/wordpress\/?page_id=483"},"modified":"2019-09-05T13:08:14","modified_gmt":"2019-09-05T11:08:14","slug":"7-pfingsttreffen-2018","status":"publish","type":"page","link":"https:\/\/touringbymeikel.de\/wordpress\/wie-alles-begann\/7-pfingsttreffen-2018\/","title":{"rendered":"7. V4 &#038; Friends Pfingsttreffen 2018"},"content":{"rendered":"\n<h3 class=\"wp-block-heading\" id=\"cc-m-header-14978909224\">Wird Zeit wiedermal ein Res\u00fcmee zu ziehen&#8230;<\/h3>\n\n\n\n<p>Ein lang geplantes Pfingsttreffen liegt wieder hinter uns.<br>Der Schwarzwald ein prima geeignetes Revier um auf sch\u00f6nen Strassen&nbsp;mit unseren Mopeds die Kurven zu genie\u00dfen.<br>Das Hotel war ein Volltreffer, Unterbringung, Versorgung mit Speisen und Getr\u00e4nken auf hohem Niveau, klar, besser geht immer!<br>Aber im Gro\u00dfen und Ganzen sind wir mehr als zufrieden.<\/p>\n\n\n\n<p>Ein ganz gro\u00dfen Dank an die Jungs und M\u00e4dels die sich immer als Tourguides zur Verf\u00fcgung stellen und Ihre Truppen heil und gesund nach der Tour wieder im Hotel abliefern!<br>Ein gro\u00dfes Dankesch\u00f6n an Susann und Olaf die daf\u00fcr sorgen das wir immer ordentlich beShirtet werden.<br>Das diesj\u00e4hrige Shirt, Polo-Shirt sowie Hoodie ist der Hammer schlechthin.<\/p>\n\n\n\n<p>Ein weiterer Dank nat\u00fcrlich an alle die dabei waren, Ohne Euch w\u00e4re so ein Treffen gar nichts und so hoffen wir viele von Euch im n\u00e4chsten Jahr wieder begr\u00fc\u00dfen zu k\u00f6nnen.<br>Eure Teilnahme und das Feedback geben&nbsp;den Antrieb uns wieder in Zeug zu legen f\u00fcr weitere sch\u00f6ne Tage mit unserem gemeinsamen sch\u00f6nsten Hobby der Welt!<\/p>\n\n\n\n<p>Das es im n\u00e4chsten Jahr wieder in die Tanne nach Ilmenau geht hat sich ja schon rumgesprochen.&nbsp;<br>Die Seite daf\u00fcr wird auch bald online gehen, denn es gilt wie immer:<\/p>\n\n\n\n<p><em><strong>Nach Pfingsten ist vor Pfingsten<\/strong><\/em><br>Vielen Dank<br>Elke &amp; Micha<\/p>\n\n\n\n<h4 class=\"wp-block-heading\">Teilnehmer<\/h4>\n\n\n\n<div class=\"wp-block-columns has-3-columns is-layout-flex wp-container-core-columns-is-layout-9d6595d7 wp-block-columns-is-layout-flex\">\n<div class=\"wp-block-column is-layout-flow wp-block-column-is-layout-flow\">\n<ul class=\"wp-block-list\"><li>Elke &amp; Micha<\/li><li>Dunja &amp; Axel<\/li><li>Stefan + Micha<\/li><li>Ramona &amp; Micha<\/li><li>Denis<\/li><li>Oliver<\/li><li>Peter<\/li><li>Martina, Elias &amp; Micha<\/li><li>Conny &amp; Marco<\/li><li>Olaf<\/li><li>Sabine &amp; Sven<\/li><li>Bianca &amp; Frank<\/li><li>Olaf<\/li><li>Peter<\/li><li>Sabine &amp; Daniel<\/li><li>Daniel<\/li><li> J\u00fcrgen + Franz-Josef <\/li><\/ul>\n<\/div>\n\n\n\n<div class=\"wp-block-column is-layout-flow wp-block-column-is-layout-flow\">\n<ul class=\"wp-block-list\"><li>Werner<\/li><li>Michael<\/li><li>Gabi &amp; Kalle <\/li><li>laus<\/li><li>Norman<\/li><li>Oliver<\/li><li>Katrin &amp; Uwe<\/li><li>Gerhard<\/li><li>Ralph + Frank<\/li><li>Lisa &amp; Wolfgang<\/li><li>Viktor<\/li><li>Martin<\/li><li>Inge &amp; Rolf<\/li><li>Caro &amp; Klaus<\/li><li>Ulrike &amp; Harald<\/li><li> Anke &amp; Konrad<\/li><li>Sabine &amp; Michael + 2 Kids<\/li><li>Berit &amp; Olaf <\/li><\/ul>\n<\/div>\n\n\n\n<div class=\"wp-block-column is-layout-flow wp-block-column-is-layout-flow\">\n<ul class=\"wp-block-list\"><li> Andr\u00e9<\/li><li>Olga &amp; Ulrich<\/li><li>Gabi &amp; Andreas<\/li><li>Bernd<\/li><li>Jinny &amp; J\u00f6rg<\/li><li>Johann <\/li><li>Brigitte &amp; Pankraz<\/li><li>Klaus<\/li><li>Ingrid &amp; Hans-Josef<\/li><li>Karo &amp; Uwe<\/li><li>Petra &amp; Lars<\/li><li>Volker<\/li><li>Sven<\/li><li>Johannes<\/li><li>Annemarie &amp; Hermann<\/li><\/ul>\n<\/div>\n<\/div>\n\n\n\n<hr class=\"wp-block-separator\"\/>\n\n\n\n<h2 class=\"wp-block-heading\">Was bisher geschah&#8230;<\/h2>\n\n\n\n<figure class=\"wp-block-image\"><img decoding=\"async\" src=\"https:\/\/image.jimcdn.com\/app\/cms\/image\/transf\/dimension=734x10000:format=jpg\/path\/s0fcdc470582d71ee\/image\/i4d96f426035b04b4\/version\/1496899436\/image.jpg\" alt=\"\"\/><\/figure>\n\n\n\n<hr class=\"wp-block-separator\"\/>\n\n\n\n<h2 class=\"wp-block-heading\" id=\"cc-m-header-14233174824\">Das lange B\u00e4renstarke Wochenende im Schwarzwald<\/h2>\n\n\n\n<h3 class=\"wp-block-heading\" id=\"cc-m-header-14232988324\">Preise Freitag bis Montag<\/h3>\n\n\n\n<p>Doppelzimmer  342,- Euro <br>Einzelzimmer  207,- Euro <br>Kurtaxe pro Person und Tag 2,- Euro  inklusive <\/p>\n\n\n\n<h3 class=\"wp-block-heading\" id=\"cc-m-header-14233165124\">Darin enthalten<\/h3>\n\n\n\n<p>3 x \u00dcbernachtung<br>3 x Fr\u00fchst\u00fccksbuffett<br>1 x Begr\u00fc\u00dfungsgetr\u00e4nk<br>1 x 4-Gang Men\u00fc<br>1 x Schwarzw\u00e4lder Spezialit\u00e4tenbuffett<br>1 x Schwarzw\u00e4lder Vesperbuffett&nbsp;bzw. bei geeignetem Wetter Grillabend<br><\/p>\n\n\n\n<h3 class=\"wp-block-heading\" id=\"cc-m-header-14389860224\">Verl\u00e4ngerungsn\u00e4chte<\/h3>\n\n\n\n<p>da es sich gerade f\u00fcr die Teilnehmer mit etwas weiterer Anreise ja auch lohnen soll in den Schwarzwald zu kommen, besteht wieder die M\u00f6glichkeit 1 oder 2 Verl\u00e4ngerungsn\u00e4chte \u00dc\/F dazuzubuchen. Das heist die Anreise ist ab Mittwoch den 16. Mai m\u00f6glich.<br>\u00dcbernachtung + Fr\u00fchst\u00fcck inklusive Kurtaxe <br>pro Tag im Doppelzimmer 80,- Euro<br>\u00dcbernachtung + Fr\u00fchst\u00fcck inklusive Kurzaxe <br>pro Tag im Einzelzimmer 50,- Euro<\/p>\n\n\n\n<p>Eine \u00c4nderung an den Verl\u00e4ngerungsn\u00e4chten zu einem sp\u00e4teren Zeitpunkt wird wenn \u00fcberhaupt nur mit gro\u00dfem Aufwand m\u00f6glich sein. Also bitte bei der Anmeldung schon ber\u00fccksichtigen.<\/p>\n\n\n\n<h3 class=\"wp-block-heading\" id=\"cc-m-header-14233056324\">Ausstattung<\/h3>\n\n\n\n<p>Alle Zimmer sind ausgestattet mi Dusche\/WC, TV, F\u00f6n und Safe<br>Kostenlose Parkpl\u00e4tze stehen am Hotel zur Verf\u00fcgung.<br>Gegen ein geringes Entgelt k\u00f6nnen die Motorr\u00e4der in der Busgarage des Ortsans\u00e4ssigen Busunternehmers eingestellt werden.<br>5 Minuten Fussweg zum Hotel.<\/p>\n\n\n\n<h3 class=\"wp-block-heading\" id=\"cc-m-header-14233222824\">Wichtiges zur Anmeldung und Bezahlung<\/h3>\n\n\n\n<p>Wir konnten einen sehr guten Preis aushandeln der sich kaum von denen der letzten Jahre unterscheidet.<br>Das f\u00fchrt allerdings zu einem neuen Ablauf von Anmeldung und Bezahlung&nbsp;<\/p>\n\n\n\n<ul class=\"wp-block-list\"><li><strong>Es stehen bis zum 20.04.2018 noch 13 Zimmer zur Buchung bereit, danach ist definitiv Schluss!<\/strong><\/li><li>R\u00fcckfragen die das Hotel betreffen, bitte nur \u00fcber uns, das Hotel kennt bis ca. 2 Wochen vor Pfingsten nur die Anzahl der Teilnehmer und hat keine weiteren Daten<\/li><li><strong>Die Gesamtsumme f\u00fcr die Buchung wird sofort zur \u00dcberweisung f\u00e4llig und muss sp\u00e4testens am 20.04.2018 eingegangen sein.<\/strong><\/li><li>Bei Sparf\u00fcchsen die sich ein Zimmer teilen gilt:&nbsp;<br><strong><em>einer hat den Hut auf , bucht und zahlt, der\/die andere ist Mitreisende\/r<\/em><\/strong><\/li><li>Ihr bekommt 2&nbsp;Buchungsbest\u00e4tigungen per eMail, <\/li><li>Wir begleichen die Komplette Hotelrechnung, der Rechnungsbeleg wird Euch beim CheckIn \u00fcbergeben.<\/li><li>Getr\u00e4nke etc. im Hotel werden von Euch t\u00e4glich beim Kellner\/in bezahlt, eine Buchung auf die Zimmer ist nicht m\u00f6glich! <\/li><\/ul>\n\n\n\n<p>Stornofristen unter der Voraussetzung da\u00df das Zimmer&nbsp;<strong>nicht<\/strong>&nbsp;neu vergeben bzw. \u00fcbernommen wird:<\/p>\n\n\n\n<ul class=\"wp-block-list\"><li>vom 02. April &#8211; 17. Mai&nbsp;2018 werden&nbsp;205,- Euro f\u00fcr das&nbsp;DZ und 130,-Euro f\u00fcr das&nbsp;&nbsp;EZ als Stornogeb\u00fchr erhoben<\/li><li>Am Anreisetag bzw. Nichtanreise 100% der Gesamtsumme<\/li><\/ul>\n\n\n\n<h3 class=\"wp-block-heading\" id=\"cc-m-header-14822686224\">Die Touren, Gruppen und Guides<\/h3>\n\n\n\n<p>Die Erkundung des Schwarzwald haben wir ja schon zum Saisonabschlu\u00df 2017 begonnen, jetzt werden wir das um weitere sch\u00f6ne Strecken und Landschaften erweitern. Auch ein Abstecher&nbsp;in die Vogesen ist m\u00f6glich.<\/p>\n\n\n\n<p>Wir sind in der gl\u00fccklichen Lage gen\u00fcgend Teilnehmer zu haben die als Guides ihre Gruppe \u00fcber die Stra\u00dfen&nbsp;f\u00fchren werden. Die Gruppenst\u00e4rke wird max. 7 Motorr\u00e4der&nbsp;umfassen und jeder wird nach seiner Facon die passende Gruppe finden.<\/p>\n","protected":false},"excerpt":{"rendered":"<p>Wird Zeit wiedermal ein Res\u00fcmee zu ziehen&#8230; Ein lang geplantes Pfingsttreffen liegt wieder hinter uns.Der Schwarzwald ein prima geeignetes Revier um auf sch\u00f6nen Strassen&nbsp;mit unseren Mopeds die Kurven zu genie\u00dfen.Das Hotel war ein Volltreffer, Unterbringung, Versorgung mit Speisen und Getr\u00e4nken auf hohem Niveau, klar, besser geht immer!Aber im Gro\u00dfen und Ganzen sind wir mehr als [&hellip;]<\/p>\n","protected":false},"author":1,"featured_media":493,"parent":68,"menu_order":7,"comment_status":"closed","ping_status":"closed","template":"","meta":{"footnotes":""},"class_list":["post-483","page","type-page","status-publish","has-post-thumbnail","hentry"],"_links":{"self":[{"href":"https:\/\/touringbymeikel.de\/wordpress\/wp-json\/wp\/v2\/pages\/483","targetHints":{"allow":["GET"]}}],"collection":[{"href":"https:\/\/touringbymeikel.de\/wordpress\/wp-json\/wp\/v2\/pages"}],"about":[{"href":"https:\/\/touringbymeikel.de\/wordpress\/wp-json\/wp\/v2\/types\/page"}],"author":[{"embeddable":true,"href":"https:\/\/touringbymeikel.de\/wordpress\/wp-json\/wp\/v2\/users\/1"}],"replies":[{"embeddable":true,"href":"https:\/\/touringbymeikel.de\/wordpress\/wp-json\/wp\/v2\/comments?post=483"}],"version-history":[{"count":7,"href":"https:\/\/touringbymeikel.de\/wordpress\/wp-json\/wp\/v2\/pages\/483\/revisions"}],"predecessor-version":[{"id":495,"href":"https:\/\/touringbymeikel.de\/wordpress\/wp-json\/wp\/v2\/pages\/483\/revisions\/495"}],"up":[{"embeddable":true,"href":"https:\/\/touringbymeikel.de\/wordpress\/wp-json\/wp\/v2\/pages\/68"}],"wp:featuredmedia":[{"embeddable":true,"href":"https:\/\/touringbymeikel.de\/wordpress\/wp-json\/wp\/v2\/media\/493"}],"wp:attachment":[{"href":"https:\/\/touringbymeikel.de\/wordpress\/wp-json\/wp\/v2\/media?parent=483"}],"curies":[{"name":"wp","href":"https:\/\/api.w.org\/{rel}","templated":true}]}}